{"id":1075,"date":"2020-12-01T01:43:05","date_gmt":"2020-12-01T01:43:05","guid":{"rendered":"http:\/\/demo.ovathemes.com\/mistercar\/?page_id=1075"},"modified":"2024-07-18T11:17:28","modified_gmt":"2024-07-18T11:17:28","slug":"about-us","status":"publish","type":"page","link":"https:\/\/cenkimya.com\/index.php\/about-us\/","title":{"rendered":"Kurumsal"},"content":{"rendered":"\t\t<div data-elementor-type=\"wp-page\" data-elementor-id=\"1075\" class=\"elementor elementor-1075\">\n\t\t\t\t\t\t<section class=\"elementor-section elementor-top-section elementor-element elementor-element-fee4228 elementor-section-boxed elementor-section-height-default elementor-section-height-default\" data-id=\"fee4228\" data-element_type=\"section\">\n\t\t\t\t\t\t<div class=\"elementor-container elementor-column-gap-default\">\n\t\t\t\t\t<div class=\"elementor-column elementor-col-50 elementor-top-column elementor-element elementor-element-e31fe29\" data-id=\"e31fe29\" data-element_type=\"column\">\n\t\t\t<div class=\"elementor-widget-wrap elementor-element-populated\">\n\t\t\t\t\t\t<div class=\"elementor-element elementor-element-abd569c elementor-widget elementor-widget-heading\" data-id=\"abd569c\" data-element_type=\"widget\" data-widget_type=\"heading.default\">\n\t\t\t\t<div class=\"elementor-widget-container\">\n\t\t\t<style>\/*! elementor - v3.22.0 - 26-06-2024 *\/\n.elementor-heading-title{padding:0;margin:0;line-height:1}.elementor-widget-heading .elementor-heading-title[class*=elementor-size-]>a{color:inherit;font-size:inherit;line-height:inherit}.elementor-widget-heading .elementor-heading-title.elementor-size-small{font-size:15px}.elementor-widget-heading .elementor-heading-title.elementor-size-medium{font-size:19px}.elementor-widget-heading .elementor-heading-title.elementor-size-large{font-size:29px}.elementor-widget-heading .elementor-heading-title.elementor-size-xl{font-size:39px}.elementor-widget-heading .elementor-heading-title.elementor-size-xxl{font-size:59px}<\/style><h6 class=\"elementor-heading-title elementor-size-default\">KURUMSAL<\/h6>\t\t<\/div>\n\t\t\t\t<\/div>\n\t\t\t\t<div class=\"elementor-element elementor-element-2101bff elementor-widget elementor-widget-heading\" data-id=\"2101bff\" data-element_type=\"widget\" data-widget_type=\"heading.default\">\n\t\t\t\t<div class=\"elementor-widget-container\">\n\t\t\t<h2 class=\"elementor-heading-title elementor-size-default\">Misyonumuz<\/h2>\t\t<\/div>\n\t\t\t\t<\/div>\n\t\t\t\t<div class=\"elementor-element elementor-element-9c3f5a2 elementor-widget elementor-widget-text-editor\" data-id=\"9c3f5a2\" data-element_type=\"widget\" data-widget_type=\"text-editor.default\">\n\t\t\t\t<div class=\"elementor-widget-container\">\n\t\t\t<style>\/*! elementor - v3.22.0 - 26-06-2024 *\/\n.elementor-widget-text-editor.elementor-drop-cap-view-stacked .elementor-drop-cap{background-color:#69727d;color:#fff}.elementor-widget-text-editor.elementor-drop-cap-view-framed .elementor-drop-cap{color:#69727d;border:3px solid;background-color:transparent}.elementor-widget-text-editor:not(.elementor-drop-cap-view-default) .elementor-drop-cap{margin-top:8px}.elementor-widget-text-editor:not(.elementor-drop-cap-view-default) .elementor-drop-cap-letter{width:1em;height:1em}.elementor-widget-text-editor .elementor-drop-cap{float:left;text-align:center;line-height:1;font-size:50px}.elementor-widget-text-editor .elementor-drop-cap-letter{display:inline-block}<\/style>\t\t\t\t<p>Firmam\u0131z geli\u015fen teknolojiyi takip ederek, kaynaklar\u0131n\u0131 etkin kullanabilen, yenilik ve geli\u015fime a\u00e7\u0131k, m\u00fc\u015fteri memnuniyeti \u00e7er\u00e7evesinde \u00fcretim yaparak \u00fclke ekonomisine katk\u0131da bulunmay\u0131 hedefleyen bir firmad\u0131r.<\/p>\t\t\t\t\t\t<\/div>\n\t\t\t\t<\/div>\n\t\t\t\t<div class=\"elementor-element elementor-element-88634d5 elementor-widget elementor-widget-heading\" data-id=\"88634d5\" data-element_type=\"widget\" data-widget_type=\"heading.default\">\n\t\t\t\t<div class=\"elementor-widget-container\">\n\t\t\t<h2 class=\"elementor-heading-title elementor-size-default\">Vizyonumuz<\/h2>\t\t<\/div>\n\t\t\t\t<\/div>\n\t\t\t\t<div class=\"elementor-element elementor-element-f83ff66 elementor-widget elementor-widget-text-editor\" data-id=\"f83ff66\" data-element_type=\"widget\" data-widget_type=\"text-editor.default\">\n\t\t\t\t<div class=\"elementor-widget-container\">\n\t\t\t\t\t\t\t<p>Su bazl\u0131 boya ve Solvent bazl\u0131 boya sanayisine hammadde tedarikinde kaliteli hizmet anlay\u0131\u015f\u0131 ile b\u00fct\u00fcnle\u015fmesini sa\u011flayarak, T\u00fcrkiye ve Avrupa\u2019da lider bir firma ve aranan bir marka olmas\u0131n\u0131 sa\u011flamakt\u0131r.<\/p>\t\t\t\t\t\t<\/div>\n\t\t\t\t<\/div>\n\t\t\t\t<div class=\"elementor-element elementor-element-5a1daa5 elementor-widget elementor-widget-heading\" data-id=\"5a1daa5\" data-element_type=\"widget\" data-widget_type=\"heading.default\">\n\t\t\t\t<div class=\"elementor-widget-container\">\n\t\t\t<h2 class=\"elementor-heading-title elementor-size-default\">Kalite Politikam\u0131z<\/h2>\t\t<\/div>\n\t\t\t\t<\/div>\n\t\t\t\t<div class=\"elementor-element elementor-element-02fccba elementor-widget elementor-widget-text-editor\" data-id=\"02fccba\" data-element_type=\"widget\" data-widget_type=\"text-editor.default\">\n\t\t\t\t<div class=\"elementor-widget-container\">\n\t\t\t\t\t\t\t<p>M\u00fc\u015fteri memnuniyetini en \u00fcst d\u00fczeye ta\u015f\u0131may\u0131 kalite \u015fartlar\u0131na uyma, risk ve f\u0131rsatlar\u0131 g\u00f6z \u00f6n\u00fcne alarak etkinli\u011fini s\u00fcrekli olarak iyile\u015ftirmeyi kalite politikas\u0131 olarak benimsemi\u015ftir.<\/p>\t\t\t\t\t\t<\/div>\n\t\t\t\t<\/div>\n\t\t\t\t\t<\/div>\n\t\t<\/div>\n\t\t\t\t<div class=\"elementor-column elementor-col-50 elementor-top-column elementor-element elementor-element-564ef96\" data-id=\"564ef96\" data-element_type=\"column\">\n\t\t\t<div class=\"elementor-widget-wrap elementor-element-populated\">\n\t\t\t\t\t\t<div class=\"elementor-element elementor-element-e70198c elementor-widget elementor-widget-image\" data-id=\"e70198c\" data-element_type=\"widget\" data-widget_type=\"image.default\">\n\t\t\t\t<div class=\"elementor-widget-container\">\n\t\t\t<style>\/*! elementor - v3.22.0 - 26-06-2024 *\/\n.elementor-widget-image{text-align:center}.elementor-widget-image a{display:inline-block}.elementor-widget-image a img[src$=\".svg\"]{width:48px}.elementor-widget-image img{vertical-align:middle;display:inline-block}<\/style>\t\t\t\t\t\t\t\t\t\t<img fetchpriority=\"high\" decoding=\"async\" width=\"596\" height=\"546\" src=\"https:\/\/cenkimya.com\/wp-content\/uploads\/2021\/09\/home_about.jpg\" class=\"attachment-full size-full wp-image-7298\" alt=\"\" srcset=\"https:\/\/cenkimya.com\/wp-content\/uploads\/2021\/09\/home_about.jpg 596w, https:\/\/cenkimya.com\/wp-content\/uploads\/2021\/09\/home_about-300x275.jpg 300w\" sizes=\"(max-width: 596px) 100vw, 596px\" \/>\t\t\t\t\t\t\t\t\t\t\t\t\t<\/div>\n\t\t\t\t<\/div>\n\t\t\t\t<div class=\"elementor-element elementor-element-166cc72 elementor-widget__width-auto elementor-absolute animated-slow elementor-invisible elementor-widget elementor-widget-image\" data-id=\"166cc72\" data-element_type=\"widget\" data-settings=\"{&quot;_position&quot;:&quot;absolute&quot;,&quot;_animation&quot;:&quot;fadeInLeft&quot;,&quot;_animation_delay&quot;:700}\" data-widget_type=\"image.default\">\n\t\t\t\t<div class=\"elementor-widget-container\">\n\t\t\t\t\t\t\t\t\t\t\t\t\t<img decoding=\"async\" width=\"138\" height=\"74\" src=\"https:\/\/cenkimya.com\/wp-content\/uploads\/2021\/04\/about-company-image.png\" class=\"attachment-full size-full wp-image-6651\" alt=\"\" \/>\t\t\t\t\t\t\t\t\t\t\t\t\t<\/div>\n\t\t\t\t<\/div>\n\t\t\t\t<div class=\"elementor-element elementor-element-fc0eddf elementor-widget__width-auto elementor-absolute elementor-invisible elementor-widget elementor-widget-ova_box_feature_1\" data-id=\"fc0eddf\" data-element_type=\"widget\" data-settings=\"{&quot;_position&quot;:&quot;absolute&quot;,&quot;_animation&quot;:&quot;fadeInRight&quot;}\" data-widget_type=\"ova_box_feature_1.default\">\n\t\t\t\t<div class=\"elementor-widget-container\">\n\t\t\t\n\t\t\n\t\t\t\t\t\t\t<div class=\"ova_box_feature version_5\">\n\t\t\t\t\t<div class=\"item\">\n\t\t\t\t\t\t\t\t\t\t\t<div class=\"icon\">\n\t\t\t\t\t\t\t<i class=\"flaticon-goal-1\"><\/i>\n\t\t\t\t\t\t<\/div>\n\t\t\t\t\t\n\t\t\t\t\t\t\t\t\t\t\t<div class=\"title\">\n\t\t\t\t\t\t\t<p class=\"second_font\">20 y\u0131l\u0131 a\u015fk\u0131n tecr\u00fcbe<\/p>\n\t\t\t\t\t\t<\/div>\n\t\t\t\t\t\t\t\t\t\t<\/div>\n\t\t\t\t<\/div>\n\t\t\t\n\t\t\t\t<\/div>\n\t\t\t\t<\/div>\n\t\t\t\t\t<\/div>\n\t\t<\/div>\n\t\t\t\t\t<\/div>\n\t\t<\/section>\n\t\t\t\t<\/div>\n\t\t","protected":false},"excerpt":{"rendered":"<p>KURUMSAL Misyonumuz Firmam\u0131z geli\u015fen teknolojiyi takip ederek, kaynaklar\u0131n\u0131 etkin kullanabilen, yenilik ve geli\u015fime a\u00e7\u0131k, m\u00fc\u015fteri memnuniyeti \u00e7er\u00e7evesinde \u00fcretim yaparak \u00fclke ekonomisine katk\u0131da bulunmay\u0131 hedefleyen bir firmad\u0131r. Vizyonumuz Su bazl\u0131 boya ve Solvent bazl\u0131 boya sanayisine hammadde tedarikinde kaliteli hizmet anlay\u0131\u015f\u0131 ile b\u00fct\u00fcnle\u015fmesini sa\u011flayarak, T\u00fcrkiye ve Avrupa\u2019da lider bir firma ve aranan bir marka olmas\u0131n\u0131 sa\u011flamakt\u0131r. [&hellip;]<\/p>\n","protected":false},"author":1,"featured_media":0,"parent":0,"menu_order":0,"comment_status":"closed","ping_status":"closed","template":"elementor_header_footer","meta":{"footnotes":""},"class_list":["post-1075","page","type-page","status-publish","hentry"],"_links":{"self":[{"href":"https:\/\/cenkimya.com\/index.php\/wp-json\/wp\/v2\/pages\/1075","targetHints":{"allow":["GET"]}}],"collection":[{"href":"https:\/\/cenkimya.com\/index.php\/wp-json\/wp\/v2\/pages"}],"about":[{"href":"https:\/\/cenkimya.com\/index.php\/wp-json\/wp\/v2\/types\/page"}],"author":[{"embeddable":true,"href":"https:\/\/cenkimya.com\/index.php\/wp-json\/wp\/v2\/users\/1"}],"replies":[{"embeddable":true,"href":"https:\/\/cenkimya.com\/index.php\/wp-json\/wp\/v2\/comments?post=1075"}],"version-history":[{"count":28,"href":"https:\/\/cenkimya.com\/index.php\/wp-json\/wp\/v2\/pages\/1075\/revisions"}],"predecessor-version":[{"id":7786,"href":"https:\/\/cenkimya.com\/index.php\/wp-json\/wp\/v2\/pages\/1075\/revisions\/7786"}],"wp:attachment":[{"href":"https:\/\/cenkimya.com\/index.php\/wp-json\/wp\/v2\/media?parent=1075"}],"curies":[{"name":"wp","href":"https:\/\/api.w.org\/{rel}","templated":true}]}}