{"id":7470,"date":"2021-09-16T10:37:09","date_gmt":"2021-09-16T10:37:09","guid":{"rendered":"https:\/\/cenkimya.com\/index.php\/auto-detailing-copy\/"},"modified":"2024-07-10T06:20:53","modified_gmt":"2024-07-10T06:20:53","slug":"solvent-bazli","status":"publish","type":"page","link":"https:\/\/cenkimya.com\/index.php\/solvent-bazli\/","title":{"rendered":"Solvent Bazl\u0131 Boya Sanayi"},"content":{"rendered":"\t\t<div data-elementor-type=\"wp-page\" data-elementor-id=\"7470\" class=\"elementor elementor-7470\">\n\t\t\t\t\t\t<section class=\"elementor-section elementor-top-section elementor-element elementor-element-adb114d elementor-section-boxed elementor-section-height-default elementor-section-height-default\" data-id=\"adb114d\" data-element_type=\"section\">\n\t\t\t\t\t\t<div class=\"elementor-container elementor-column-gap-default\">\n\t\t\t\t\t<div class=\"elementor-column elementor-col-25 elementor-top-column elementor-element elementor-element-20f9b71\" data-id=\"20f9b71\" data-element_type=\"column\">\n\t\t\t<div class=\"elementor-widget-wrap elementor-element-populated\">\n\t\t\t\t\t\t<section class=\"elementor-section elementor-inner-section elementor-element elementor-element-5b7b771 elementor-section-boxed elementor-section-height-default elementor-section-height-default\" data-id=\"5b7b771\" data-element_type=\"section\">\n\t\t\t\t\t\t<div class=\"elementor-container elementor-column-gap-default\">\n\t\t\t\t\t<div class=\"elementor-column elementor-col-100 elementor-inner-column elementor-element elementor-element-15e36a7\" data-id=\"15e36a7\" data-element_type=\"column\" data-settings=\"{&quot;background_background&quot;:&quot;classic&quot;}\">\n\t\t\t<div class=\"elementor-widget-wrap elementor-element-populated\">\n\t\t\t\t\t\t<div class=\"elementor-element elementor-element-57c6876 elementor-widget elementor-widget-heading\" data-id=\"57c6876\" data-element_type=\"widget\" data-widget_type=\"heading.default\">\n\t\t\t\t<div class=\"elementor-widget-container\">\n\t\t\t<style>\/*! elementor - v3.22.0 - 26-06-2024 *\/\n.elementor-heading-title{padding:0;margin:0;line-height:1}.elementor-widget-heading .elementor-heading-title[class*=elementor-size-]>a{color:inherit;font-size:inherit;line-height:inherit}.elementor-widget-heading .elementor-heading-title.elementor-size-small{font-size:15px}.elementor-widget-heading .elementor-heading-title.elementor-size-medium{font-size:19px}.elementor-widget-heading .elementor-heading-title.elementor-size-large{font-size:29px}.elementor-widget-heading .elementor-heading-title.elementor-size-xl{font-size:39px}.elementor-widget-heading .elementor-heading-title.elementor-size-xxl{font-size:59px}<\/style><h2 class=\"elementor-heading-title elementor-size-default\">\u00dcr\u00fcnler<\/h2>\t\t<\/div>\n\t\t\t\t<\/div>\n\t\t\t\t<div class=\"elementor-element elementor-element-4fa0de3 elementor-widget elementor-widget-ova_menu_page\" data-id=\"4fa0de3\" data-element_type=\"widget\" data-widget_type=\"ova_menu_page.default\">\n\t\t\t\t<div class=\"elementor-widget-container\">\n\t\t\t\t\t<div class=\"ova_menu_page type3\" data-position_active=\"\">\n\t\t\t<ul id=\"menu-menu-faq\" class=\"menu\"><li id=\"menu-item-7498\" class=\"menu-item menu-item-type-post_type menu-item-object-page menu-item-7498\"><a href=\"https:\/\/cenkimya.com\/index.php\/su-bazli\/\">Su Bazl\u0131 Boya Sanayi<\/a><\/li>\n<li id=\"menu-item-7476\" class=\"menu-item menu-item-type-post_type menu-item-object-page menu-item-7476\"><a href=\"https:\/\/cenkimya.com\/index.php\/solvent-bazli\/\">Solvent Bazl\u0131 Boya Sanayi<\/a><\/li>\n<li id=\"menu-item-354\" class=\"menu-item menu-item-type-post_type menu-item-object-page menu-item-354\"><a href=\"https:\/\/cenkimya.com\/index.php\/pigmentler\/\">Pigmentler<\/a><\/li>\n<li id=\"menu-item-7626\" class=\"menu-item menu-item-type-post_type menu-item-object-page menu-item-7626\"><a href=\"https:\/\/cenkimya.com\/index.php\/pigment-pasta\/\">Pigmentler Pastalar<\/a><\/li>\n<li id=\"menu-item-7678\" class=\"menu-item menu-item-type-post_type menu-item-object-page menu-item-7678\"><a href=\"https:\/\/cenkimya.com\/index.php\/solventler\/\">Solventler<\/a><\/li>\n<li id=\"menu-item-7730\" class=\"menu-item menu-item-type-post_type menu-item-object-page menu-item-7730\"><a href=\"https:\/\/cenkimya.com\/index.php\/yapi_kimyasal\/\">Yap\u0131 Kimyasallar\u0131<\/a><\/li>\n<\/ul>\t\t<\/div>\n\t\t\t\t<\/div>\n\t\t\t\t<\/div>\n\t\t\t\t\t<\/div>\n\t\t<\/div>\n\t\t\t\t\t<\/div>\n\t\t<\/section>\n\t\t\t\t\t<\/div>\n\t\t<\/div>\n\t\t\t\t<div class=\"elementor-column elementor-col-25 elementor-top-column elementor-element elementor-element-164614e\" data-id=\"164614e\" data-element_type=\"column\">\n\t\t\t<div class=\"elementor-widget-wrap elementor-element-populated\">\n\t\t\t\t\t\t<div class=\"elementor-element elementor-element-3954a75 elementor-widget elementor-widget-video\" data-id=\"3954a75\" data-element_type=\"widget\" data-settings=\"{&quot;youtube_url&quot;:&quot;#&quot;,&quot;show_image_overlay&quot;:&quot;yes&quot;,&quot;image_overlay&quot;:{&quot;url&quot;:&quot;https:\\\/\\\/cenkimya.com\\\/wp-content\\\/uploads\\\/2020\\\/11\\\/solvent_urun.jpg&quot;,&quot;id&quot;:7393,&quot;size&quot;:&quot;&quot;,&quot;alt&quot;:&quot;&quot;,&quot;source&quot;:&quot;library&quot;},&quot;lightbox&quot;:&quot;yes&quot;,&quot;video_type&quot;:&quot;youtube&quot;}\" data-widget_type=\"video.default\">\n\t\t\t\t<div class=\"elementor-widget-container\">\n\t\t\t<style>\/*! elementor - v3.22.0 - 26-06-2024 *\/\n.elementor-widget-video .elementor-widget-container{overflow:hidden;transform:translateZ(0)}.elementor-widget-video .elementor-wrapper{aspect-ratio:var(--video-aspect-ratio)}.elementor-widget-video .elementor-wrapper iframe,.elementor-widget-video .elementor-wrapper video{height:100%;width:100%;display:flex;border:none;background-color:#000}@supports not (aspect-ratio:1\/1){.elementor-widget-video .elementor-wrapper{position:relative;overflow:hidden;height:0;padding-bottom:calc(100% \/ var(--video-aspect-ratio))}.elementor-widget-video .elementor-wrapper iframe,.elementor-widget-video .elementor-wrapper video{position:absolute;top:0;right:0;bottom:0;left:0}}.elementor-widget-video .elementor-open-inline .elementor-custom-embed-image-overlay{position:absolute;top:0;right:0;bottom:0;left:0;background-size:cover;background-position:50%}.elementor-widget-video .elementor-custom-embed-image-overlay{cursor:pointer;text-align:center}.elementor-widget-video .elementor-custom-embed-image-overlay:hover .elementor-custom-embed-play i{opacity:1}.elementor-widget-video .elementor-custom-embed-image-overlay img{display:block;width:100%;aspect-ratio:var(--video-aspect-ratio);-o-object-fit:cover;object-fit:cover;-o-object-position:center center;object-position:center center}@supports not (aspect-ratio:1\/1){.elementor-widget-video .elementor-custom-embed-image-overlay{position:relative;overflow:hidden;height:0;padding-bottom:calc(100% \/ var(--video-aspect-ratio))}.elementor-widget-video .elementor-custom-embed-image-overlay img{position:absolute;top:0;right:0;bottom:0;left:0}}.elementor-widget-video .e-hosted-video .elementor-video{-o-object-fit:cover;object-fit:cover}.e-con-inner>.elementor-widget-video,.e-con>.elementor-widget-video{width:var(--container-widget-width);--flex-grow:var(--container-widget-flex-grow)}<\/style>\t\t<div class=\"elementor-wrapper elementor-open-lightbox\">\n\t\t\t\t\t\t\t<div class=\"elementor-custom-embed-image-overlay\" data-elementor-open-lightbox=\"yes\" data-elementor-lightbox=\"{&quot;type&quot;:&quot;video&quot;,&quot;videoType&quot;:&quot;youtube&quot;,&quot;url&quot;:null,&quot;modalOptions&quot;:{&quot;id&quot;:&quot;elementor-lightbox-3954a75&quot;,&quot;entranceAnimation&quot;:&quot;&quot;,&quot;entranceAnimation_tablet&quot;:&quot;&quot;,&quot;entranceAnimation_mobile&quot;:&quot;&quot;,&quot;videoAspectRatio&quot;:&quot;169&quot;}}\" data-e-action-hash=\"#elementor-action%3Aaction%3Dlightbox%26settings%3DeyJ0eXBlIjoidmlkZW8iLCJ2aWRlb1R5cGUiOiJ5b3V0dWJlIiwidXJsIjpudWxsLCJtb2RhbE9wdGlvbnMiOnsiaWQiOiJlbGVtZW50b3ItbGlnaHRib3gtMzk1NGE3NSIsImVudHJhbmNlQW5pbWF0aW9uIjoiIiwiZW50cmFuY2VBbmltYXRpb25fdGFibGV0IjoiIiwiZW50cmFuY2VBbmltYXRpb25fbW9iaWxlIjoiIiwidmlkZW9Bc3BlY3RSYXRpbyI6IjE2OSJ9fQ%3D%3D\">\n\t\t\t\t\t\t\t\t\t\t\t<img fetchpriority=\"high\" decoding=\"async\" width=\"400\" height=\"360\" src=\"https:\/\/cenkimya.com\/wp-content\/uploads\/2020\/11\/solvent_urun.jpg\" class=\"attachment-full size-full wp-image-7393\" alt=\"\" srcset=\"https:\/\/cenkimya.com\/wp-content\/uploads\/2020\/11\/solvent_urun.jpg 400w, https:\/\/cenkimya.com\/wp-content\/uploads\/2020\/11\/solvent_urun-300x270.jpg 300w\" sizes=\"(max-width: 400px) 100vw, 400px\" \/>\t\t\t\t\t\t\t\t\t\t\t\t\t\t<\/div>\n\t\t\t\t\t<\/div>\n\t\t\t\t<\/div>\n\t\t\t\t<\/div>\n\t\t\t\t<div class=\"elementor-element elementor-element-95e9d00 elementor-widget__width-auto elementor-widget elementor-widget-ova_list_checked2\" data-id=\"95e9d00\" data-element_type=\"widget\" data-settings=\"{&quot;_animation&quot;:&quot;none&quot;}\" data-widget_type=\"ova_list_checked2.default\">\n\t\t\t\t<div class=\"elementor-widget-container\">\n\t\t\t\t\t\n\t\t<div class=\"ova_list_checked2\" >\n\t\t\t\t\t\t\t<ul>\n\t\t\t\t\t\t\t\t\t<li class=\"item\">\n\t\t\t\t\t\t<div class=\"icon-sev\"><i data-feather=\"check\"><\/i><\/div>\n\t\t\t\t\t\t<span>MET\u0130L ET\u0130L KETOKS\u0130M (MEKO)<\/span>\n\t\t\t\t\t<\/li>\n\t\t\t\t\t\t\t\t\t<li class=\"item\">\n\t\t\t\t\t\t<div class=\"icon-sev\"><i data-feather=\"check\"><\/i><\/div>\n\t\t\t\t\t\t<span>SOYA LES\u0130T\u0130N (ISLATICI)<\/span>\n\t\t\t\t\t<\/li>\n\t\t\t\t\t\t\t\t\t<li class=\"item\">\n\t\t\t\t\t\t<div class=\"icon-sev\"><i data-feather=\"check\"><\/i><\/div>\n\t\t\t\t\t\t<span>TEXAPHOR 963 (ISLATICI)<\/span>\n\t\t\t\t\t<\/li>\n\t\t\t\t\t\t\t\t\t<li class=\"item\">\n\t\t\t\t\t\t<div class=\"icon-sev\"><i data-feather=\"check\"><\/i><\/div>\n\t\t\t\t\t\t<span>V\u0130SKOJEL ED (\u00c7\u00d6KME \u00d6NLEY\u0130C\u0130)<\/span>\n\t\t\t\t\t<\/li>\n\t\t\t\t\t\t\t\t<\/ul>\n\t\t\t\n\t\t<\/div>\n\n\t\t\t\t<\/div>\n\t\t\t\t<\/div>\n\t\t\t\t\t<\/div>\n\t\t<\/div>\n\t\t\t\t<div class=\"elementor-column elementor-col-25 elementor-top-column elementor-element elementor-element-0d20867\" data-id=\"0d20867\" data-element_type=\"column\">\n\t\t\t<div class=\"elementor-widget-wrap elementor-element-populated\">\n\t\t\t\t\t\t<div class=\"elementor-element elementor-element-cbd435c elementor-widget__width-auto elementor-widget elementor-widget-ova_list_checked2\" data-id=\"cbd435c\" data-element_type=\"widget\" data-settings=\"{&quot;_animation&quot;:&quot;none&quot;}\" data-widget_type=\"ova_list_checked2.default\">\n\t\t\t\t<div class=\"elementor-widget-container\">\n\t\t\t\t\t\n\t\t<div class=\"ova_list_checked2\" >\n\t\t\t\t\t\t\t<ul>\n\t\t\t\t\t\t\t\t\t<li class=\"item\">\n\t\t\t\t\t\t<div class=\"icon-sev\"><i data-feather=\"check\"><\/i><\/div>\n\t\t\t\t\t\t<span>PANGEL B20 (\u00c7\u00d6KME \u00d6NLEY\u0130C\u0130)<\/span>\n\t\t\t\t\t<\/li>\n\t\t\t\t\t\t\t\t\t<li class=\"item\">\n\t\t\t\t\t\t<div class=\"icon-sev\"><i data-feather=\"check\"><\/i><\/div>\n\t\t\t\t\t\t<span>LOVEL 6000 (MAT AJAN)<\/span>\n\t\t\t\t\t<\/li>\n\t\t\t\t\t\t\t\t\t<li class=\"item\">\n\t\t\t\t\t\t<div class=\"icon-sev\"><i data-feather=\"check\"><\/i><\/div>\n\t\t\t\t\t\t<span>H\u0130DROCARBON RE\u00c7\u0130NE <\/span>\n\t\t\t\t\t<\/li>\n\t\t\t\t\t\t\t\t\t<li class=\"item\">\n\t\t\t\t\t\t<div class=\"icon-sev\"><i data-feather=\"check\"><\/i><\/div>\n\t\t\t\t\t\t<span>KUR\u015eUN (KURUTUCU)<\/span>\n\t\t\t\t\t<\/li>\n\t\t\t\t\t\t\t\t<\/ul>\n\t\t\t\n\t\t<\/div>\n\n\t\t\t\t<\/div>\n\t\t\t\t<\/div>\n\t\t\t\t<div class=\"elementor-element elementor-element-5ba6f69 elementor-widget__width-auto elementor-widget elementor-widget-ova_list_checked2\" data-id=\"5ba6f69\" data-element_type=\"widget\" data-settings=\"{&quot;_animation&quot;:&quot;none&quot;}\" data-widget_type=\"ova_list_checked2.default\">\n\t\t\t\t<div class=\"elementor-widget-container\">\n\t\t\t\t\t\n\t\t<div class=\"ova_list_checked2\" >\n\t\t\t\t\t\t\t<ul>\n\t\t\t\t\t\t\t\t\t<li class=\"item\">\n\t\t\t\t\t\t<div class=\"icon-sev\"><i data-feather=\"check\"><\/i><\/div>\n\t\t\t\t\t\t<span>KOBALT (KURUTUCU)<\/span>\n\t\t\t\t\t<\/li>\n\t\t\t\t\t\t\t\t\t<li class=\"item\">\n\t\t\t\t\t\t<div class=\"icon-sev\"><i data-feather=\"check\"><\/i><\/div>\n\t\t\t\t\t\t<span>KALS\u0130YUM (KURUTUCU)<\/span>\n\t\t\t\t\t<\/li>\n\t\t\t\t\t\t\t\t\t<li class=\"item\">\n\t\t\t\t\t\t<div class=\"icon-sev\"><i data-feather=\"check\"><\/i><\/div>\n\t\t\t\t\t\t<span>Z\u0130RKONYUM (KURUTUCU)<\/span>\n\t\t\t\t\t<\/li>\n\t\t\t\t\t\t\t\t\t<li class=\"item\">\n\t\t\t\t\t\t<div class=\"icon-sev\"><i data-feather=\"check\"><\/i><\/div>\n\t\t\t\t\t\t<span>MIX-1 (KURUTUCU)<\/span>\n\t\t\t\t\t<\/li>\n\t\t\t\t\t\t\t\t<\/ul>\n\t\t\t\n\t\t<\/div>\n\n\t\t\t\t<\/div>\n\t\t\t\t<\/div>\n\t\t\t\t\t<\/div>\n\t\t<\/div>\n\t\t\t\t<div class=\"elementor-column elementor-col-25 elementor-top-column elementor-element elementor-element-fcaec5a\" data-id=\"fcaec5a\" data-element_type=\"column\">\n\t\t\t<div class=\"elementor-widget-wrap elementor-element-populated\">\n\t\t\t\t\t\t<div class=\"elementor-element elementor-element-e86e894 elementor-widget__width-auto elementor-widget elementor-widget-ova_list_checked2\" data-id=\"e86e894\" data-element_type=\"widget\" data-settings=\"{&quot;_animation&quot;:&quot;none&quot;}\" data-widget_type=\"ova_list_checked2.default\">\n\t\t\t\t<div class=\"elementor-widget-container\">\n\t\t\t\t\t\n\t\t<div class=\"ova_list_checked2\" >\n\t\t\t\t\t\t\t<ul>\n\t\t\t\t\t\t\t\t\t<li class=\"item\">\n\t\t\t\t\t\t<div class=\"icon-sev\"><i data-feather=\"check\"><\/i><\/div>\n\t\t\t\t\t\t<span>MIX-2 (KURUTUCU)<\/span>\n\t\t\t\t\t<\/li>\n\t\t\t\t\t\t\t\t\t<li class=\"item\">\n\t\t\t\t\t\t<div class=\"icon-sev\"><i data-feather=\"check\"><\/i><\/div>\n\t\t\t\t\t\t<span>DOTP (PLAST\u0130F\u0130YEN)<\/span>\n\t\t\t\t\t<\/li>\n\t\t\t\t\t\t\t\t\t<li class=\"item\">\n\t\t\t\t\t\t<div class=\"icon-sev\"><i data-feather=\"check\"><\/i><\/div>\n\t\t\t\t\t\t<span>CABOS\u0130L M5 (F\u00dcME S\u0130L\u0130KA)<\/span>\n\t\t\t\t\t<\/li>\n\t\t\t\t\t\t\t\t\t<li class=\"item\">\n\t\t\t\t\t\t<div class=\"icon-sev\"><i data-feather=\"check\"><\/i><\/div>\n\t\t\t\t\t\t<span>AEROS\u0130L 200 (F\u00dcME S\u0130L\u0130KA)<\/span>\n\t\t\t\t\t<\/li>\n\t\t\t\t\t\t\t\t<\/ul>\n\t\t\t\n\t\t<\/div>\n\n\t\t\t\t<\/div>\n\t\t\t\t<\/div>\n\t\t\t\t\t<\/div>\n\t\t<\/div>\n\t\t\t\t\t<\/div>\n\t\t<\/section>\n\t\t\t\t<\/div>\n\t\t","protected":false},"excerpt":{"rendered":"<p>\u00dcr\u00fcnler Su Bazl\u0131 Boya Sanayi Solvent Bazl\u0131 Boya Sanayi Pigmentler Pigmentler Pastalar # MET\u0130L ET\u0130L KETOKS\u0130M (MEKO) SOYA LES\u0130T\u0130N (ISLATICI) TEXAPHOR 963 (ISLATICI) V\u0130SKOJEL ED (\u00c7\u00d6KME \u00d6NLEY\u0130C\u0130) PANGEL B20 (\u00c7\u00d6KME \u00d6NLEY\u0130C\u0130) LOVEL 6000 (MAT AJAN) H\u0130DROCARBON RE\u00c7\u0130NE KUR\u015eUN (KURUTUCU) KOBALT (KURUTUCU) KALS\u0130YUM (KURUTUCU) Z\u0130RKONYUM (KURUTUCU) MIX-1 (KURUTUCU) MIX-2 (KURUTUCU) DOTP (PLAST\u0130F\u0130YEN) CABOS\u0130L M5 (F\u00dcME S\u0130L\u0130KA) [&hellip;]<\/p>\n","protected":false},"author":1,"featured_media":0,"parent":0,"menu_order":0,"comment_status":"closed","ping_status":"closed","template":"elementor_header_footer","meta":{"footnotes":""},"class_list":["post-7470","page","type-page","status-publish","hentry"],"_links":{"self":[{"href":"https:\/\/cenkimya.com\/index.php\/wp-json\/wp\/v2\/pages\/7470","targetHints":{"allow":["GET"]}}],"collection":[{"href":"https:\/\/cenkimya.com\/index.php\/wp-json\/wp\/v2\/pages"}],"about":[{"href":"https:\/\/cenkimya.com\/index.php\/wp-json\/wp\/v2\/types\/page"}],"author":[{"embeddable":true,"href":"https:\/\/cenkimya.com\/index.php\/wp-json\/wp\/v2\/users\/1"}],"replies":[{"embeddable":true,"href":"https:\/\/cenkimya.com\/index.php\/wp-json\/wp\/v2\/comments?post=7470"}],"version-history":[{"count":28,"href":"https:\/\/cenkimya.com\/index.php\/wp-json\/wp\/v2\/pages\/7470\/revisions"}],"predecessor-version":[{"id":7666,"href":"https:\/\/cenkimya.com\/index.php\/wp-json\/wp\/v2\/pages\/7470\/revisions\/7666"}],"wp:attachment":[{"href":"https:\/\/cenkimya.com\/index.php\/wp-json\/wp\/v2\/media?parent=7470"}],"curies":[{"name":"wp","href":"https:\/\/api.w.org\/{rel}","templated":true}]}}